{"id":42,"date":"2014-12-04T11:40:10","date_gmt":"2014-12-04T09:40:10","guid":{"rendered":"http:\/\/www.mxr.ee\/latvia\/?page_id=42"},"modified":"2019-09-09T09:35:31","modified_gmt":"2019-09-09T07:35:31","slug":"kontakt-3","status":"publish","type":"page","link":"http:\/\/www.mxr.ee\/latvia\/kontakt-3\/","title":{"rendered":"KONTAKTI"},"content":{"rendered":"<p>\n <strong>MXR Teenused O\u00dc <\/strong><br \/>\n Viljandi<br \/>\n mob. t\u0101lr.: 00372 55 33 731<br \/>\n e-pasts: <a href=\"mailto:ylar(\u00e4)mxr.ee\">ylar(\u00e4)mxr.ee<\/a><\/p>\n","protected":false},"excerpt":{"rendered":"<p>MXR Teenused O\u00dc Viljandi mob. t\u0101lr.: 00372 55 33 731 e-pasts: ylar(\u00e4)mxr.ee<\/p>\n","protected":false},"author":1,"featured_media":0,"parent":0,"menu_order":0,"comment_status":"open","ping_status":"open","template":"","meta":[],"_links":{"self":[{"href":"http:\/\/www.mxr.ee\/latvia\/wp-json\/wp\/v2\/pages\/42"}],"collection":[{"href":"http:\/\/www.mxr.ee\/latvia\/wp-json\/wp\/v2\/pages"}],"about":[{"href":"http:\/\/www.mxr.ee\/latvia\/wp-json\/wp\/v2\/types\/page"}],"author":[{"embeddable":true,"href":"http:\/\/www.mxr.ee\/latvia\/wp-json\/wp\/v2\/users\/1"}],"replies":[{"embeddable":true,"href":"http:\/\/www.mxr.ee\/latvia\/wp-json\/wp\/v2\/comments?post=42"}],"version-history":[{"count":5,"href":"http:\/\/www.mxr.ee\/latvia\/wp-json\/wp\/v2\/pages\/42\/revisions"}],"predecessor-version":[{"id":1393,"href":"http:\/\/www.mxr.ee\/latvia\/wp-json\/wp\/v2\/pages\/42\/revisions\/1393"}],"wp:attachment":[{"href":"http:\/\/www.mxr.ee\/latvia\/wp-json\/wp\/v2\/media?parent=42"}],"curies":[{"name":"wp","href":"https:\/\/api.w.org\/{rel}","templated":true}]}}