{"id":722,"date":"2014-03-01T09:18:50","date_gmt":"2014-03-01T09:18:50","guid":{"rendered":"http:\/\/www.themes.red-sun-design.com\/redfolio\/?page_id=5"},"modified":"2014-12-05T11:12:43","modified_gmt":"2014-12-05T09:12:43","slug":"5-2","status":"publish","type":"page","link":"http:\/\/www.mxr.ee\/eng\/","title":{"rendered":"Puidut\u00f6\u00f6tlemis- ja m\u00f6\u00f6blitootmisseadmed"},"content":{"rendered":"","protected":false},"excerpt":{"rendered":"","protected":false},"author":1,"featured_media":842,"parent":0,"menu_order":10,"comment_status":"open","ping_status":"open","template":"template-frontpage.php","meta":[],"_links":{"self":[{"href":"http:\/\/www.mxr.ee\/eng\/wp-json\/wp\/v2\/pages\/722"}],"collection":[{"href":"http:\/\/www.mxr.ee\/eng\/wp-json\/wp\/v2\/pages"}],"about":[{"href":"http:\/\/www.mxr.ee\/eng\/wp-json\/wp\/v2\/types\/page"}],"author":[{"embeddable":true,"href":"http:\/\/www.mxr.ee\/eng\/wp-json\/wp\/v2\/users\/1"}],"replies":[{"embeddable":true,"href":"http:\/\/www.mxr.ee\/eng\/wp-json\/wp\/v2\/comments?post=722"}],"version-history":[{"count":3,"href":"http:\/\/www.mxr.ee\/eng\/wp-json\/wp\/v2\/pages\/722\/revisions"}],"predecessor-version":[{"id":1290,"href":"http:\/\/www.mxr.ee\/eng\/wp-json\/wp\/v2\/pages\/722\/revisions\/1290"}],"wp:featuredmedia":[{"embeddable":true,"href":"http:\/\/www.mxr.ee\/eng\/wp-json\/wp\/v2\/media\/842"}],"wp:attachment":[{"href":"http:\/\/www.mxr.ee\/eng\/wp-json\/wp\/v2\/media?parent=722"}],"curies":[{"name":"wp","href":"https:\/\/api.w.org\/{rel}","templated":true}]}}